{"id":295,"date":"2020-04-09T15:24:52","date_gmt":"2020-04-09T13:24:52","guid":{"rendered":"https:\/\/fraternite-orthodoxe.eu\/bis\/?page_id=295"},"modified":"2020-04-09T15:24:52","modified_gmt":"2020-04-09T13:24:52","slug":"utilisation-des-cookies","status":"publish","type":"page","link":"https:\/\/fraternite-orthodoxe.eu\/bis\/utilisation-des-cookies\/","title":{"rendered":"utilisation des cookies"},"content":{"rendered":"<div class=\"cli_pg_page_contaner\">\n<h3>Ce site Web utilise des cookies<\/h3>\n<div>Les cookies nous permettent de personnaliser le contenu et les annonces, d&rsquo;offrir des fonctionnalit\u00e9s relatives aux m\u00e9dias sociaux et d&rsquo;analyser notre trafic. Nous partageons \u00e9galement des informations sur l&rsquo;utilisation de notre site avec nos partenaires de m\u00e9dias sociaux, de publicit\u00e9 et d&rsquo;analyse, qui peuvent combiner celles-ci avec d&rsquo;autres informations que vous leur avez fournies ou qu&rsquo;ils ont collect\u00e9es lors de votre utilisation de leurs services<\/div>\n<\/div>\n","protected":false},"excerpt":{"rendered":"<p>Ce site Web utilise des cookies Les cookies nous permettent de personnaliser le contenu et les annonces, d&rsquo;offrir des fonctionnalit\u00e9s relatives aux m\u00e9dias sociaux et d&rsquo;analyser notre trafic. Nous partageons \u00e9galement des informations sur l&rsquo;utilisation de notre site avec nos partenaires de m\u00e9dias sociaux, de publicit\u00e9 et d&rsquo;analyse, qui peuvent combiner celles-ci avec d&rsquo;autres informations &hellip; <\/p>\n<p class=\"link-more\"><a href=\"https:\/\/fraternite-orthodoxe.eu\/bis\/utilisation-des-cookies\/\" class=\"more-link\">Continuer la lecture<span class=\"screen-reader-text\"> de &laquo;&nbsp;utilisation des cookies&nbsp;&raquo;<\/span><\/a><\/p>\n","protected":false},"author":1,"featured_media":0,"parent":0,"menu_order":0,"comment_status":"closed","ping_status":"closed","template":"","meta":{"footnotes":""},"class_list":["post-295","page","type-page","status-publish","hentry"],"_links":{"self":[{"href":"https:\/\/fraternite-orthodoxe.eu\/bis\/wp-json\/wp\/v2\/pages\/295","targetHints":{"allow":["GET"]}}],"collection":[{"href":"https:\/\/fraternite-orthodoxe.eu\/bis\/wp-json\/wp\/v2\/pages"}],"about":[{"href":"https:\/\/fraternite-orthodoxe.eu\/bis\/wp-json\/wp\/v2\/types\/page"}],"author":[{"embeddable":true,"href":"https:\/\/fraternite-orthodoxe.eu\/bis\/wp-json\/wp\/v2\/users\/1"}],"replies":[{"embeddable":true,"href":"https:\/\/fraternite-orthodoxe.eu\/bis\/wp-json\/wp\/v2\/comments?post=295"}],"version-history":[{"count":1,"href":"https:\/\/fraternite-orthodoxe.eu\/bis\/wp-json\/wp\/v2\/pages\/295\/revisions"}],"predecessor-version":[{"id":296,"href":"https:\/\/fraternite-orthodoxe.eu\/bis\/wp-json\/wp\/v2\/pages\/295\/revisions\/296"}],"wp:attachment":[{"href":"https:\/\/fraternite-orthodoxe.eu\/bis\/wp-json\/wp\/v2\/media?parent=295"}],"curies":[{"name":"wp","href":"https:\/\/api.w.org\/{rel}","templated":true}]}}